{"id":280,"date":"2025-08-12T19:23:00","date_gmt":"2025-08-13T01:23:00","guid":{"rendered":"https:\/\/prestamoseinversionesencostarica.com\/sa\/?page_id=280"},"modified":"2025-12-02T13:15:10","modified_gmt":"2025-12-02T19:15:10","slug":"prestamos-hipotecarios-privados-en-costa-rica-rapidos-y-faciles-lpm-v-2025","status":"publish","type":"page","link":"https:\/\/prestamoseinversionesencostarica.com\/sa\/prestamos-hipotecarios-privados-en-costa-rica-rapidos-y-faciles-lpm-v-2025\/","title":{"rendered":"Pr\u00e9stamos Hipotecarios Privados en Costa Rica R\u00e1pidos y F\u00e1ciles | lpm V 2025"},"content":{"rendered":"<h2>Pr\u00e9stamos Hipotecarios En Costa Rica\u00a0Cr\u00e9ditos\u00a0Privados R\u00e1pidos y F\u00e1ciles!<\/h2>\n<p>Aprovecha la Oportunidad o Resuelve el Imprevisto y Sigue Avanzando!<\/p>\n<p>Importante: Ofrecemos solo lo que podemos cumplir!<\/p>\n<p><a class=\"op3-link op3-background-ancestor\" href=\"https:\/\/acortar.link\/6BiDPr\" target=\"_blank\" rel=\"noopener\" data-op-action=\"link\" data-op3-smooth-scroll=\"\" data-op-effect-style=\"\" data-op-effect-style-hover=\"\">S\u00ed, Quiero un pr\u00e9stamo hipotecario ya: Clic Aqu\u00ed o al 8387-1235<\/a><\/p>\n<h2>Haz con el Dinero&#8230; casi lo que sea!<\/h2>\n<h2>Datos de tu Pr\u00e9stamo Hipotecario Privado R\u00e1pido y F\u00e1cil<\/h2>\n<p>L\u00edmite de cr\u00e9dito: Entre los $50.000 y $2.000.000Cuota mensual: La cuota mensual de solo intereses va desde los $500 por cada $50.000 solicitados y en adelanteInter\u00e9s: Las tasas de inter\u00e9s anuales van desde un 12% anual y 18% anual. Dichas tasas de inter\u00e9s son negociables!Plazo: Los plazos van desde\u00a0 12 y hasta los 24 meses o m\u00e1s previa negociaci\u00f3nTiempo de resoluci\u00f3n: entre 5 y 10 d\u00eda h\u00e1biles responsablementeCobertura geogr\u00e1fica: San Carlos y zona norte, Occidente, Alajuela, San Jos\u00e9, Heredia, Cartago y algunas zonas del pac\u00edfico norte y central<a class=\"op3-link op3-background-ancestor\" href=\"https:\/\/acortar.link\/6BiDPr\" target=\"_blank\" rel=\"noopener\" data-op-action=\"link\" data-op3-smooth-scroll=\"0\" data-op-effect-style=\"\" data-op-effect-style-hover=\"\">S\u00ed, Quiero un pr\u00e9stamo hipotecario r\u00e1pido y f\u00e1cil ya: Clic Aqu\u00ed<\/a><\/p>\n<h2>Acerca de C\u00e9sar Mora Navarro y CREDINVER<\/h2>\n<p>Prop\u00f3sito:\u00a0Servir r\u00e1pido y con esmero para que las personas logren sus proyectos de vida y negocios de manera armoniosa\u00a0\u00a0Experiencia: M\u00e1s de 23 a\u00f1os en Banca y Finanzas en el sector Privado y Cooperativo en las \u00e1reas de Pr\u00e9stamos Hipotecarios, Inversiones de Dinero e Inmobiliarias\u00a0\u00a0Formaci\u00f3n: Administraci\u00f3n con \u00e9nfasis en Banca y Finanzas. Especialidad en Mercadeo y Negocios por Internet<img loading=\"lazy\" decoding=\"async\" class=\"op3-element__image op3-element-image__image\" title=\"Asesores Financieros en Costa Rica\" src=\"https:\/\/prestamoseinversionesencostarica.com\/sa\/wp-content\/uploads\/2025\/08\/IMG_20220419_105352_1-1-1-225x300.jpg\" alt=\"\" width=\"225\" height=\"300\" data-op3-attachment-id=\"285\" \/><img loading=\"lazy\" decoding=\"async\" class=\"op3-element__image op3-element-image__image\" title=\"CREDINVER en Costa Rica\" src=\"https:\/\/prestamoseinversionesencostarica.com\/sa\/wp-content\/uploads\/2025\/08\/1-perfil-instagram-credinver-300x300.jpg\" alt=\"\" width=\"300\" height=\"300\" data-op3-attachment-id=\"286\" \/><a class=\"op3-link op3-background-ancestor\" href=\"https:\/\/acortar.link\/6BiDPr\" target=\"_blank\" rel=\"noopener\" data-op-action=\"link\" data-op3-smooth-scroll=\"0\" data-op-effect-style=\"\" data-op-effect-style-hover=\"\">S\u00ed, Quiero un pr\u00e9stamo hipotecario r\u00e1pido y f\u00e1cil ya: Clic Aqu\u00ed<\/a><\/p>\n<h2>Requisitos Pr\u00e9stamos Hipotecarios Privados en Costa Rica R\u00e1pidos y F\u00e1ciles<\/h2>\n<p>Copia de c\u00e9dula de identidad del solicitante\u00a0\u00a0Copia del plano catastrado claro, completo y legibleUbicaci\u00f3n Google maps y direcci\u00f3n f\u00edsica completaSiete mejores fotos de la propiedadDescripci\u00f3n corta de la propiedad y edificaciones si aplicaCopia de p\u00f3liza de aseguramiento de la propiedad si aplicaConstancia de bienes inmueblesConstancia cuota condominal si aplica<\/p>\n<p>Pr\u00e9stamos Hipotecarios Privados en Costa Rica R\u00e1pidos y F\u00e1ciles<\/p>\n<p>Cont\u00e1ctanos ya al 8387-1235 \/ Oficinas ubicadas en Ciudad Quesada, San Carlos, Alajuela<\/p>\n<p>\u00a9 Copyright CREDINVER desde el 2011.\u00a0 Todos los derechos reservados.<\/p>\n","protected":false},"excerpt":{"rendered":"<p>Pr\u00e9stamos Hipotecarios En Costa Rica\u00a0Cr\u00e9ditos\u00a0Privados R\u00e1pidos y F\u00e1ciles! Aprovecha la Oportunidad o Resuelve el Imprevisto y Sigue Avanzando! Importante: Ofrecemos solo lo que podemos cumplir! S\u00ed, Quiero un pr\u00e9stamo hipotecario ya: Clic Aqu\u00ed o al 8387-1235 Haz con el Dinero&#8230; casi lo que sea! Datos de tu Pr\u00e9stamo Hipotecario Privado R\u00e1pido y F\u00e1cil L\u00edmite de [&hellip;]<\/p>\n","protected":false},"author":1,"featured_media":0,"parent":0,"menu_order":0,"comment_status":"closed","ping_status":"closed","template":"op_builder_blank","meta":{"footnotes":""},"class_list":["post-280","page","type-page","status-publish","hentry"],"_links":{"self":[{"href":"https:\/\/prestamoseinversionesencostarica.com\/sa\/wp-json\/wp\/v2\/pages\/280","targetHints":{"allow":["GET"]}}],"collection":[{"href":"https:\/\/prestamoseinversionesencostarica.com\/sa\/wp-json\/wp\/v2\/pages"}],"about":[{"href":"https:\/\/prestamoseinversionesencostarica.com\/sa\/wp-json\/wp\/v2\/types\/page"}],"author":[{"embeddable":true,"href":"https:\/\/prestamoseinversionesencostarica.com\/sa\/wp-json\/wp\/v2\/users\/1"}],"replies":[{"embeddable":true,"href":"https:\/\/prestamoseinversionesencostarica.com\/sa\/wp-json\/wp\/v2\/comments?post=280"}],"version-history":[{"count":24,"href":"https:\/\/prestamoseinversionesencostarica.com\/sa\/wp-json\/wp\/v2\/pages\/280\/revisions"}],"predecessor-version":[{"id":381,"href":"https:\/\/prestamoseinversionesencostarica.com\/sa\/wp-json\/wp\/v2\/pages\/280\/revisions\/381"}],"wp:attachment":[{"href":"https:\/\/prestamoseinversionesencostarica.com\/sa\/wp-json\/wp\/v2\/media?parent=280"}],"curies":[{"name":"wp","href":"https:\/\/api.w.org\/{rel}","templated":true}]}}